{"id":637,"date":"2021-06-12T06:25:18","date_gmt":"2021-06-12T09:25:18","guid":{"rendered":"https:\/\/martillerosdesalta.org.ar\/web\/about\/"},"modified":"2025-09-09T11:15:11","modified_gmt":"2025-09-09T14:15:11","slug":"institucional","status":"publish","type":"page","link":"https:\/\/martillerosdesalta.org.ar\/web\/institucional\/","title":{"rendered":"Institucional"},"content":{"rendered":"\t\t<div data-elementor-type=\"wp-page\" data-elementor-id=\"637\" class=\"elementor elementor-637\">\n\t\t\t\t\t\t<section class=\"elementor-section elementor-top-section elementor-element elementor-element-2e7999a elementor-section-boxed elementor-section-height-default elementor-section-height-default\" data-id=\"2e7999a\" data-element_type=\"section\" data-e-type=\"section\" data-settings=\"{&quot;background_background&quot;:&quot;classic&quot;}\">\n\t\t\t\t\t\t\t<div class=\"elementor-background-overlay\"><\/div>\n\t\t\t\t\t\t\t<div class=\"elementor-container elementor-column-gap-no\">\n\t\t\t\t\t<div class=\"elementor-column elementor-col-100 elementor-top-column elementor-element elementor-element-1c4544c\" data-id=\"1c4544c\" data-element_type=\"column\" data-e-type=\"column\">\n\t\t\t<div class=\"elementor-widget-wrap elementor-element-populated\">\n\t\t\t\t\t\t<div class=\"elementor-element elementor-element-14d7be3 elementor-widget elementor-widget-heading\" data-id=\"14d7be3\" data-element_type=\"widget\" data-e-type=\"widget\" data-widget_type=\"heading.default\">\n\t\t\t\t<div class=\"elementor-widget-container\">\n\t\t\t\t\t<h1 class=\"elementor-heading-title elementor-size-default\">Institucional<\/h1>\t\t\t\t<\/div>\n\t\t\t\t<\/div>\n\t\t\t\t\t<\/div>\n\t\t<\/div>\n\t\t\t\t\t<\/div>\n\t\t<\/section>\n\t\t\t\t<section class=\"elementor-section elementor-top-section elementor-element elementor-element-a93634e elementor-section-boxed elementor-section-height-default elementor-section-height-default\" data-id=\"a93634e\" data-element_type=\"section\" data-e-type=\"section\" data-settings=\"{&quot;background_background&quot;:&quot;classic&quot;}\">\n\t\t\t\t\t\t<div class=\"elementor-container elementor-column-gap-default\">\n\t\t\t\t\t<div class=\"elementor-column elementor-col-100 elementor-top-column elementor-element elementor-element-6dba447\" data-id=\"6dba447\" data-element_type=\"column\" data-e-type=\"column\" data-settings=\"{&quot;background_background&quot;:&quot;classic&quot;}\">\n\t\t\t<div class=\"elementor-widget-wrap elementor-element-populated\">\n\t\t\t\t\t\t<div class=\"elementor-element elementor-element-7693301 elementor-widget elementor-widget-heading\" data-id=\"7693301\" data-element_type=\"widget\" data-e-type=\"widget\" data-widget_type=\"heading.default\">\n\t\t\t\t<div class=\"elementor-widget-container\">\n\t\t\t\t\t<h2 class=\"elementor-heading-title elementor-size-default\">INSTITUCIONAL<\/h2>\t\t\t\t<\/div>\n\t\t\t\t<\/div>\n\t\t\t\t<div class=\"elementor-element elementor-element-1fed7bc elementor-widget elementor-widget-text-editor\" data-id=\"1fed7bc\" data-element_type=\"widget\" data-e-type=\"widget\" data-widget_type=\"text-editor.default\">\n\t\t\t\t<div class=\"elementor-widget-container\">\n\t\t\t\t\t\t\t\t\t<p><strong>AUTORIDADES<\/strong><\/p><ul><li>PRESIDENTE: M.P. y C. C. Rivas Vila, Francisco\u00a0&#8211; Mat. 94<\/li><li>VICEPRESIDENTE: M. P. y C. C. Garc\u00eda Bes, Tom\u00e1s Alberto &#8211; Mat. 53<\/li><li>SECRETARIO: M. P. y C. C. Venegas Mart\u00ednez, Marcelo Esteban &#8211; Mat. 114<\/li><li>PRO SECRETARIO: M. P. y C. C. L\u00e9pore, Eduardo Roberto &#8211; Mat. 70<\/li><li>TESORERO: M .P. y C. C. Moreno, Edgardo Javier &#8211; Mat. 76<\/li><li>PROTESORERO: M. P. y C. C. Acosta Rodr\u00edguez, Jos\u00e9 Rub\u00e9n &#8211; Mat. 153<\/li><li>VOCAL : M. P. y C. C. Arga\u00f1araz, Wilfredo Jos\u00e9 Luis &#8211; Mat. 11<\/li><\/ul><p><strong>\u00d3RGANO DE FISCALIZACI\u00d3N:<\/strong><\/p><ul><li>M. P. y C. C. Chermulas, Juan Carlos &#8211; Mat. 35<\/li><li>M. P. y C. C. Ontiveros, Andr\u00e9s Oscar &#8211; Mat. 85<\/li><li>M. P. y C. C. Yupanqui Acevedo, Marco Antonio &#8211; Mat. 205<\/li><\/ul><p><strong>TRIBUNAL DE \u00c9TICA:<\/strong><\/p><ul><li>M. P. y C. C. Cagna Vallino, Mar\u00eda del Milagro &#8211; Mat. 23<\/li><li>M. P. y C. C. Chenaut, V\u00edctor Dante &#8211; Mat. 34<\/li><li>M. P. y C. C. Cajal, Rub\u00e9n Eduardo Mat. 24<\/li><\/ul>\t\t\t\t\t\t\t\t<\/div>\n\t\t\t\t<\/div>\n\t\t\t\t<div class=\"elementor-element elementor-element-15fb5c8 elementor-widget-divider--view-line elementor-widget elementor-widget-divider\" data-id=\"15fb5c8\" data-element_type=\"widget\" data-e-type=\"widget\" data-widget_type=\"divider.default\">\n\t\t\t\t<div class=\"elementor-widget-container\">\n\t\t\t\t\t\t\t<div class=\"elementor-divider\">\n\t\t\t<span class=\"elementor-divider-separator\">\n\t\t\t\t\t\t<\/span>\n\t\t<\/div>\n\t\t\t\t\t\t<\/div>\n\t\t\t\t<\/div>\n\t\t\t\t\t<\/div>\n\t\t<\/div>\n\t\t\t\t\t<\/div>\n\t\t<\/section>\n\t\t\t\t<\/div>\n\t\t","protected":false},"excerpt":{"rendered":"<p>Institucional INSTITUCIONAL AUTORIDADES PRESIDENTE: M.P. y C. C. Rivas Vila, Francisco\u00a0&#8211; Mat. 94 VICEPRESIDENTE: M. P. y C. C. Garc\u00eda Bes, Tom\u00e1s Alberto &#8211; Mat. 53 SECRETARIO: M. P. y C. C. Venegas Mart\u00ednez, Marcelo Esteban &#8211; Mat. 114 PRO SECRETARIO: M. P. y C. C. L\u00e9pore, Eduardo Roberto &#8211; Mat. 70 TESORERO: M .P. [&hellip;]<\/p>\n","protected":false},"author":2,"featured_media":0,"parent":0,"menu_order":0,"comment_status":"closed","ping_status":"open","template":"","meta":{"site-sidebar-layout":"no-sidebar","site-content-layout":"page-builder","ast-site-content-layout":"default","site-content-style":"default","site-sidebar-style":"default","ast-global-header-display":"","ast-banner-title-visibility":"","ast-main-header-display":"","ast-hfb-above-header-display":"","ast-hfb-below-header-display":"","ast-hfb-mobile-header-display":"","site-post-title":"disabled","ast-breadcrumbs-content":"disabled","ast-featured-img":"disabled","footer-sml-layout":"","ast-disable-related-posts":"","theme-transparent-header-meta":"enabled","adv-header-id-meta":"","stick-header-meta":"","header-above-stick-meta":"","header-main-stick-meta":"","header-below-stick-meta":"","astra-migrate-meta-layouts":"default","ast-page-background-enabled":"default","ast-page-background-meta":{"desktop":{"background-color":"","background-image":"","background-repeat":"repeat","background-position":"center center","background-size":"auto","background-attachment":"scroll","background-type":"","background-media":"","overlay-type":"","overlay-color":"","overlay-opacity":"","overlay-gradient":""},"tablet":{"background-color":"","background-image":"","background-repeat":"repeat","background-position":"center center","background-size":"auto","background-attachment":"scroll","background-type":"","background-media":"","overlay-type":"","overlay-color":"","overlay-opacity":"","overlay-gradient":""},"mobile":{"background-color":"","background-image":"","background-repeat":"repeat","background-position":"center center","background-size":"auto","background-attachment":"scroll","background-type":"","background-media":"","overlay-type":"","overlay-color":"","overlay-opacity":"","overlay-gradient":""}},"ast-content-background-meta":{"desktop":{"background-color":"var(--ast-global-color-5)","background-image":"","background-repeat":"repeat","background-position":"center center","background-size":"auto","background-attachment":"scroll","background-type":"","background-media":"","overlay-type":"","overlay-color":"","overlay-opacity":"","overlay-gradient":""},"tablet":{"background-color":"var(--ast-global-color-5)","background-image":"","background-repeat":"repeat","background-position":"center center","background-size":"auto","background-attachment":"scroll","background-type":"","background-media":"","overlay-type":"","overlay-color":"","overlay-opacity":"","overlay-gradient":""},"mobile":{"background-color":"var(--ast-global-color-5)","background-image":"","background-repeat":"repeat","background-position":"center center","background-size":"auto","background-attachment":"scroll","background-type":"","background-media":"","overlay-type":"","overlay-color":"","overlay-opacity":"","overlay-gradient":""}},"footnotes":""},"class_list":["post-637","page","type-page","status-publish","hentry"],"_links":{"self":[{"href":"https:\/\/martillerosdesalta.org.ar\/web\/wp-json\/wp\/v2\/pages\/637","targetHints":{"allow":["GET"]}}],"collection":[{"href":"https:\/\/martillerosdesalta.org.ar\/web\/wp-json\/wp\/v2\/pages"}],"about":[{"href":"https:\/\/martillerosdesalta.org.ar\/web\/wp-json\/wp\/v2\/types\/page"}],"author":[{"embeddable":true,"href":"https:\/\/martillerosdesalta.org.ar\/web\/wp-json\/wp\/v2\/users\/2"}],"replies":[{"embeddable":true,"href":"https:\/\/martillerosdesalta.org.ar\/web\/wp-json\/wp\/v2\/comments?post=637"}],"version-history":[{"count":42,"href":"https:\/\/martillerosdesalta.org.ar\/web\/wp-json\/wp\/v2\/pages\/637\/revisions"}],"predecessor-version":[{"id":1338,"href":"https:\/\/martillerosdesalta.org.ar\/web\/wp-json\/wp\/v2\/pages\/637\/revisions\/1338"}],"wp:attachment":[{"href":"https:\/\/martillerosdesalta.org.ar\/web\/wp-json\/wp\/v2\/media?parent=637"}],"curies":[{"name":"wp","href":"https:\/\/api.w.org\/{rel}","templated":true}]}}